{"id":218,"date":"2022-11-16T09:22:32","date_gmt":"2022-11-16T09:22:32","guid":{"rendered":"http:\/\/www.prayana.de\/?page_id=218"},"modified":"2025-04-09T14:08:54","modified_gmt":"2025-04-09T14:08:54","slug":"workshops","status":"publish","type":"page","link":"https:\/\/www.prayana.de\/?page_id=218","title":{"rendered":"Seminare"},"content":{"rendered":"\n<h3 class=\"wp-block-heading\">Mein Lebensgarten<\/h3>\n\n\n\n<h4 class=\"wp-block-heading\" id=\"lebensgarten\">Zeit und Raum f\u00fcr pers\u00f6nliche Reflexion, Ausrichtung &amp; Wachstum<\/h4>\n\n\n\n<h6 class=\"wp-block-heading\">Cooperationsseminar mit Anja Gierse | Dipl. Psychologin \u00b7 systemische Supervision \u00b7 Coaching \u00b7 Beratung<\/h6>\n\n\n\n<p class=\"has-black-color has-text-color has-link-color wp-elements-468684450f8ce3b2224737573befdb41\">Dieses Seminar l\u00e4d ein, deinen Blick auf deinen \u201eindividuellen Lebensgarten&#8220; zu wagen, zu schauen was da w\u00e4chst, was bl\u00fcht und reiche Ernte tr\u00e4gt. Vielleicht aber auch, was dringend Pflege ben\u00f6tigt oder neu gepflanzt werden will.<br>Anhand der Metapher des Gartens ist hier Zeit und Raum, sich mit den ganz pers\u00f6nlichen Entwicklungs- und Wachstumsthemen zu besch\u00e4ftigen um gut daf\u00fcr zu sorgen, dass in Deinem Leben genau das gut w\u00e4chst und gedeiht, was Dir wirklich wichtig ist.<br>Wir nutzen verschiedene Methoden, etwa aus der positiven Psychologie oder dem Yoga, um zusammen mit fachlichen Input, Austausch in der Gruppe und Entspannungs\u00fcbungen ein Seminar zu gestalten, dass wohltuend und inspirierend sein kann.<\/p>\n\n\n\n<p><strong>Das n\u00e4chste Seminar findet am 3. Mai 2025 statt<\/strong> \u2022 buchbar unter www.efb-mainz.de<\/p>\n\n\n\n<figure class=\"wp-block-image size-large\"><img loading=\"lazy\" decoding=\"async\" width=\"1024\" height=\"576\" src=\"http:\/\/www.prayana.de\/wp-content\/uploads\/2023\/03\/LG2-bild-quer-1024x576.jpeg\" alt=\"\" class=\"wp-image-248\" srcset=\"https:\/\/www.prayana.de\/wp-content\/uploads\/2023\/03\/LG2-bild-quer-1024x576.jpeg 1024w, https:\/\/www.prayana.de\/wp-content\/uploads\/2023\/03\/LG2-bild-quer-300x169.jpeg 300w, https:\/\/www.prayana.de\/wp-content\/uploads\/2023\/03\/LG2-bild-quer-768x432.jpeg 768w, https:\/\/www.prayana.de\/wp-content\/uploads\/2023\/03\/LG2-bild-quer-1536x864.jpeg 1536w, https:\/\/www.prayana.de\/wp-content\/uploads\/2023\/03\/LG2-bild-quer-2048x1152.jpeg 2048w\" sizes=\"auto, (max-width: 1024px) 100vw, 1024px\" \/><\/figure>\n\n\n\n<p><\/p>\n\n\n\n<h5 class=\"wp-block-heading\"><\/h5>\n\n\n\n<p><\/p>\n","protected":false},"excerpt":{"rendered":"<p>Mein Lebensgarten Zeit und Raum f\u00fcr pers\u00f6nliche Reflexion, Ausrichtung &amp; Wachstum Cooperationsseminar mit Anja Gierse | Dipl. Psychologin \u00b7 systemische Supervision \u00b7 Coaching \u00b7 Beratung Dieses Seminar l\u00e4d ein, deinen Blick auf deinen \u201eindividuellen Lebensgarten&#8220; zu wagen, zu schauen was da w\u00e4chst, was bl\u00fcht und reiche Ernte tr\u00e4gt. Vielleicht aber auch, was dringend Pflege ben\u00f6tigt<\/p>\n<div><a class=\"btn-filled btn\" href=\"https:\/\/www.prayana.de\/?page_id=218\" title=\"Seminare\">Weiterlesen<\/a><\/div>\n","protected":false},"author":1,"featured_media":0,"parent":0,"menu_order":0,"comment_status":"closed","ping_status":"closed","template":"","meta":{"footnotes":""},"class_list":["post-218","page","type-page","status-publish","hentry"],"_links":{"self":[{"href":"https:\/\/www.prayana.de\/index.php?rest_route=\/wp\/v2\/pages\/218","targetHints":{"allow":["GET"]}}],"collection":[{"href":"https:\/\/www.prayana.de\/index.php?rest_route=\/wp\/v2\/pages"}],"about":[{"href":"https:\/\/www.prayana.de\/index.php?rest_route=\/wp\/v2\/types\/page"}],"author":[{"embeddable":true,"href":"https:\/\/www.prayana.de\/index.php?rest_route=\/wp\/v2\/users\/1"}],"replies":[{"embeddable":true,"href":"https:\/\/www.prayana.de\/index.php?rest_route=%2Fwp%2Fv2%2Fcomments&post=218"}],"version-history":[{"count":27,"href":"https:\/\/www.prayana.de\/index.php?rest_route=\/wp\/v2\/pages\/218\/revisions"}],"predecessor-version":[{"id":392,"href":"https:\/\/www.prayana.de\/index.php?rest_route=\/wp\/v2\/pages\/218\/revisions\/392"}],"wp:attachment":[{"href":"https:\/\/www.prayana.de\/index.php?rest_route=%2Fwp%2Fv2%2Fmedia&parent=218"}],"curies":[{"name":"wp","href":"https:\/\/api.w.org\/{rel}","templated":true}]}}