{"id":21,"date":"2019-05-23T07:25:52","date_gmt":"2019-05-23T07:25:52","guid":{"rendered":"http:\/\/s523074811.online.de\/?page_id=21"},"modified":"2025-08-13T11:53:14","modified_gmt":"2025-08-13T11:53:14","slug":"kurse-die-ich-mache","status":"publish","type":"page","link":"https:\/\/www.prayana.de\/?page_id=21","title":{"rendered":"Yoga"},"content":{"rendered":"\n<blockquote class=\"wp-block-quote is-layout-flow wp-block-quote-is-layout-flow\">\n<p class=\"has-black-color has-text-color has-link-color wp-elements-70a3bfb634a98123d49a0f65128b9b34\"><em>Meine Yogakurse gestalte ich mit Wissen, Erfahrung und Freude.<\/em><\/p>\n<\/blockquote>\n\n\n\n<blockquote class=\"wp-block-quote is-layout-flow wp-block-quote-is-layout-flow\"><\/blockquote>\n\n\n\n<figure class=\"wp-block-image size-large is-resized\"><img loading=\"lazy\" decoding=\"async\" width=\"1024\" height=\"683\" src=\"http:\/\/www.prayana.de\/wp-content\/uploads\/2025\/05\/yogaheldin-1024x683.jpg\" alt=\"\" class=\"wp-image-414\" style=\"width:300px\" srcset=\"https:\/\/www.prayana.de\/wp-content\/uploads\/2025\/05\/yogaheldin-1024x683.jpg 1024w, https:\/\/www.prayana.de\/wp-content\/uploads\/2025\/05\/yogaheldin-300x200.jpg 300w, https:\/\/www.prayana.de\/wp-content\/uploads\/2025\/05\/yogaheldin-768x512.jpg 768w, https:\/\/www.prayana.de\/wp-content\/uploads\/2025\/05\/yogaheldin.jpg 1063w\" sizes=\"auto, (max-width: 1024px) 100vw, 1024px\" \/><\/figure>\n\n\n\n<h3 class=\"wp-block-heading has-black-color has-text-color has-link-color wp-elements-7a69f267e32667bb14d052a1f1dd51e6\" id=\"Heldinnen\">Yoga f\u00fcr Heldinnen <\/h3>\n\n\n\n<p class=\"has-black-color has-text-color has-link-color wp-elements-85a7eb851015fd54f001c8e25b094aa8\">Zwei Kurse, die gezielt f\u00fcr Frauen sind, die sich vielleicht nicht immer heldenhaft f\u00fchlen, aber jeden Grund dazu h\u00e4tten. Weil sie eben eine Alltags- und Lebensheldin sind. Und jeder Lebensweg ist auch eine ganz pers\u00f6nliche Heldenreise! <br>Ein Kurs f\u00fcr deine Ichzeit, Bewegung, Selbstf\u00fcrsorge und Lebensfreude. Um die n\u00e4chste Herausforderung deines Lebens zu meistern, schaffe Kraft, Ausdauer und Beweglichkeit im K\u00f6rper und bringe dein Inneres in Ruhe und Ausgleich. \u00dcbe mit anderen Heldinnen und erfahre so Austausch und Unterst\u00fctzung f\u00fcr deinen eigenen Weg.&nbsp;<\/p>\n\n\n\n<p class=\"has-luminous-vivid-orange-color has-text-color has-link-color wp-elements-b573c045a98e35c85a81d0a719e78f53\">Kursstart:<strong> 25.8.2025 <\/strong>(Mo) &amp; <strong>21.8.2025<\/strong> (Do)<\/p>\n\n\n\n<p class=\"has-black-color has-text-color has-link-color wp-elements-4319db3c2013be8ed09de759e4df7e69\"><strong>Montags 19:30 &#8211; 21:00 Uhr &amp; Donnerstags 17:30 &#8211; 19:00 Uhr <\/strong><br>Kurs \u00fcber 10 Stunden \u00e0 160,-\u20ac \u2022 dieser Kurs ist f\u00fcr die Pr\u00e4vention zertifiziert <br>Kursort: Die Oase \u2022 Boppstra\u00dfe 46h \u2022 55118 Mainz<br>Anmeldung unter: www.die-oase-mainz.de oder <a href=\"http:\/\/www.prayana.de\/?page_id=359\" data-type=\"page\" data-id=\"359\">direkt hier<\/a><\/p>\n\n\n\n<figure class=\"wp-block-image\"><img decoding=\"async\" src=\"http:\/\/s523074811.online.de\/wp-content\/uploads\/2019\/05\/raum-oase-1024x683.jpg\" alt=\"Yogaraum in der Oase Mainz mit Matten, Decken und Kissen\"\/><\/figure>\n\n\n\n<p><em>F\u00fcr die Heldin in und nach besonderen Umst\u00e4nden sind diese beiden Kurse gedacht. Denn auch die Pr\u00e4- und Postnatale Phase im Leben einer Frau ist sehr heldinnenhaft und voller Abenteuer.<\/em><\/p>\n\n\n\n<h3 class=\"wp-block-heading\" id=\"Schwangerschaft\">Yoga in der Schwangerschaft<\/h3>\n\n\n\n<p class=\"has-black-color has-text-color has-link-color wp-elements-664782fb87dc36bb7301d3e47fbbbde9\">Dieser Kurs baut auf der \u00dcberzeugung der wohltuenden Wirkung des Yoga auf K\u00f6rper und Geist, auch in der Phase der Schwangerschaft auf.&nbsp;<br>In angenehmer Atmosph\u00e4re leite ich durch ein ausgewogenes \u00dcbungsprogramm, das auf die Bed\u00fcrfnisse und Anforderungen einer werdenden Mutter zugeschnitten ist. Akkute Beschwerden k\u00f6nnen gemildert, Dehnbarkeit und Kraft erhalten, das allgemeine K\u00f6rpergef\u00fchl verbessert und Ruhe und Ausgeglichenheit gef\u00f6rdert werden.&nbsp;All Levels welcome.<\/p>\n\n\n\n<p class=\"has-luminous-vivid-orange-color has-text-color has-link-color wp-elements-fff04dc047e623ca821d4ee0d7d7c61d\">Kursstart:<strong> 21.8.2025<\/strong> &amp; <strong>30.10.1015<\/strong><\/p>\n\n\n\n<p class=\"has-black-color has-text-color has-link-color wp-elements-8e87cf4cfab64be35aa57a427d6fb0d2\"><strong>Donnerstags 19:30-21:00 Uhr&nbsp;<br><\/strong>Kurs \u00fcber 8 Stunden \u00e0 130,-\u20ac \u2022 dieser Kurs ist f\u00fcr die Pr\u00e4vention zertifiziert<br>Kursort: Die Oase \u2022 Boppstra\u00dfe 46h \u2022 55118 Mainz<br>Anmeldung unter: www.die-oase-mainz.de oder <a href=\"http:\/\/www.prayana.de\/?page_id=359\" data-type=\"page\" data-id=\"359\">direkt hier<\/a><\/p>\n\n\n\n<figure class=\"wp-block-image size-large is-resized\"><img loading=\"lazy\" decoding=\"async\" width=\"1024\" height=\"627\" src=\"http:\/\/www.prayana.de\/wp-content\/uploads\/2025\/05\/praepost-1024x627.jpg\" alt=\"\" class=\"wp-image-413\" style=\"width:300px\" srcset=\"https:\/\/www.prayana.de\/wp-content\/uploads\/2025\/05\/praepost-1024x627.jpg 1024w, https:\/\/www.prayana.de\/wp-content\/uploads\/2025\/05\/praepost-300x184.jpg 300w, https:\/\/www.prayana.de\/wp-content\/uploads\/2025\/05\/praepost-768x470.jpg 768w, https:\/\/www.prayana.de\/wp-content\/uploads\/2025\/05\/praepost-1536x940.jpg 1536w, https:\/\/www.prayana.de\/wp-content\/uploads\/2025\/05\/praepost-2048x1254.jpg 2048w\" sizes=\"auto, (max-width: 1024px) 100vw, 1024px\" \/><\/figure>\n\n\n\n<h3 class=\"wp-block-heading has-black-color has-text-color has-link-color wp-elements-df33fd9a47c2f57902083fc45f164b5b\">Yoga f\u00fcr Mama &amp; Baby<\/h3>\n\n\n\n<p class=\"has-black-color has-text-color has-link-color wp-elements-c3e608930d92d7653163c4747c4b02b1\">Dieser Kurs ist f\u00fcr junge M\u00fctter, die gerne die wohltuende und st\u00e4rkende Wirkung des Yoga auf den K\u00f6rper und seinen Einfluss auf unser inneres Wohlbefinden nach der Geburt ihres Kindes erleben m\u00f6chten. In liebevoller Atmosph\u00e4re arbeitest du aktiv an der Regeneration des Beckenbodens und der Wiederherstellung deines k\u00f6rperlichen Gleichgewichts. Einen besonderen Fokus legt der Kurs auch auf das Thema der mentalen Gesundheit und der Selbstf\u00fcrsorge um den Alltag mit dem Baby gelassener genie\u00dfen zu k\u00f6nnen und in der Rolle als Mama anzukommen und diese auch dauerhaft gut ausf\u00fcllen zu k\u00f6nnen.<\/p>\n\n\n\n<p class=\"has-luminous-vivid-orange-color has-text-color has-link-color wp-elements-fff04dc047e623ca821d4ee0d7d7c61d\">Kursstart:<strong> 21.8.2025<\/strong> &amp; <strong>30.10.1015<\/strong><\/p>\n\n\n\n<p class=\"has-black-color has-text-color has-link-color wp-elements-cc73f8964b1548439c4576552c8c73d7\"><strong>Donnerstags 10:00 &#8211; 11:15 Uhr<\/strong> <br>Kurs \u00fcber 8 Stunden \u00e0 120,-\u20ac \u2022 dieser Kurs ist f\u00fcr die Pr\u00e4vention zertifiziert<br>Kursort: Die Oase \u2022 Boppstra\u00dfe 46h \u2022 55118 Mainz<br>Anmeldung unter: www.die-oase-mainz.de oder <a href=\"http:\/\/www.prayana.de\/?page_id=359\" data-type=\"page\" data-id=\"359\">direkt hier<\/a><\/p>\n\n\n\n<figure class=\"wp-block-image size-large is-resized\"><img loading=\"lazy\" decoding=\"async\" width=\"1024\" height=\"572\" src=\"http:\/\/www.prayana.de\/wp-content\/uploads\/2025\/05\/birdy-1024x572.jpg\" alt=\"\" class=\"wp-image-411\" style=\"width:300px\" srcset=\"https:\/\/www.prayana.de\/wp-content\/uploads\/2025\/05\/birdy-1024x572.jpg 1024w, https:\/\/www.prayana.de\/wp-content\/uploads\/2025\/05\/birdy-300x168.jpg 300w, https:\/\/www.prayana.de\/wp-content\/uploads\/2025\/05\/birdy-768x429.jpg 768w, https:\/\/www.prayana.de\/wp-content\/uploads\/2025\/05\/birdy-1536x858.jpg 1536w, https:\/\/www.prayana.de\/wp-content\/uploads\/2025\/05\/birdy-2048x1144.jpg 2048w\" sizes=\"auto, (max-width: 1024px) 100vw, 1024px\" \/><\/figure>\n\n\n\n<h3 class=\"wp-block-heading has-black-color has-text-color has-link-color wp-elements-044eba176937700b0d43c7a939ae0de7\">Early Bird Yoga | 60 Minuten<\/h3>\n\n\n\n<p class=\"has-black-color has-text-color has-link-color wp-elements-12238c71e16c4c9cbb00f41b214e7537\">Starte deinen Donnerstag mit frischer Energie! Um 8:30 Uhr erwartet dich eine sanfte und mobilisierende Yogapraxis um K\u00f6rper und Geist zu wecken und um mit mehr Freude, Klarheit und positiver Energie in den Tag starten. Klassisches Hatha Yoga und sanfte Flows werden erg\u00e4nzt durch Atemarbeit und \u00dcbungen zur mentalen Zentrierung. Die Stunde ist f\u00fcr alle Niveaus geeignet und schenkt dir die perfekte Grundlage f\u00fcr die Herausforderungen des Alltags. G\u00f6nn dir diesen achtsamen Morgenmoment!<\/p>\n\n\n\n<p class=\"has-luminous-vivid-orange-color has-text-color has-link-color wp-elements-3245864f2f436b2d70c9961df81a68e2\">Kursstart:<strong> 21.8.2025<\/strong> <\/p>\n\n\n\n<p class=\"has-black-color has-text-color has-link-color wp-elements-25b8a5ea85f771103c9b4b43396a6edc\"><strong>Donnerstags 8:30 &#8211; 9:30 Uhr<\/strong> <br>Kurs \u00fcber 8 Stunden \u00e0 100,-\u20ac \u2022 dieser Kurs ist f\u00fcr die Pr\u00e4vention zertifiziert<br>Kursort: Die Oase \u2022 Boppstra\u00dfe 46h \u2022 55118 Mainz<br>Anmeldung unter: www.die-oase-mainz.de oder <a href=\"http:\/\/www.prayana.de\/?page_id=359\" data-type=\"page\" data-id=\"359\">direkt hier<\/a><\/p>\n\n\n\n<figure class=\"wp-block-image size-large\"><img loading=\"lazy\" decoding=\"async\" width=\"1024\" height=\"776\" src=\"http:\/\/www.prayana.de\/wp-content\/uploads\/2019\/05\/30C0FE87-530A-4C6A-9C4F-170EEBC501CE-1024x776.jpeg\" alt=\"Yogaraum auf dem Lerchenberg mit blick ins Gr\u00fcne.\" class=\"wp-image-39\" srcset=\"https:\/\/www.prayana.de\/wp-content\/uploads\/2019\/05\/30C0FE87-530A-4C6A-9C4F-170EEBC501CE-1024x776.jpeg 1024w, https:\/\/www.prayana.de\/wp-content\/uploads\/2019\/05\/30C0FE87-530A-4C6A-9C4F-170EEBC501CE-300x227.jpeg 300w, https:\/\/www.prayana.de\/wp-content\/uploads\/2019\/05\/30C0FE87-530A-4C6A-9C4F-170EEBC501CE-768x582.jpeg 768w\" sizes=\"auto, (max-width: 1024px) 100vw, 1024px\" \/><\/figure>\n\n\n\n<p><em>F\u00fcr Helden, Heldinnen und Held:innen gibt es nat\u00fcrlich auch Angebote. Denn Yoga ist schlie\u00dflich f\u00fcr alle da und tut einfach universell gut<\/em>:<\/p>\n\n\n\n<h3 class=\"wp-block-heading\" id=\"YogaAuszeit\">Yoga-Auszeit | 45 Minuten<\/h3>\n\n\n\n<p class=\"has-black-color has-text-color has-link-color wp-elements-12ef4375dfac72a60fd1c5930fff6fef\">Frei nach der These \u201eein Gramm Praxis ist besser als Tonnen von Theorie\u201c des Yogameisters Swami Sivananda biete ich am Freitag Morgen 45 Minuten Yoga, also eine kleine Yoga-Auszeit, an. Der Kurs bietet in der ihm gegebenen K\u00fcrze alle Elemente einer klassischen Hathayogastunde. <\/p>\n\n\n\n<p class=\"has-black-color has-text-color has-link-color wp-elements-7db5ee4af7f0b1c44f19591d4336e993\"><strong>Freitags 8:45 &#8211; 9:30 Uhr <br><\/strong>Kurs in der Schulzeit, Preis variiert nach Kursl\u00e4nge<br>Kursort: ev. Gemeindehaus Lerchenberg \u2022 Hebbelstra\u00dfe 56-60 \u2022 55127 Mainz<br>Anmeldung unter: www.efb-mainz.de<\/p>\n\n\n\n<figure class=\"wp-block-image size-large is-resized\"><img loading=\"lazy\" decoding=\"async\" width=\"1024\" height=\"569\" src=\"http:\/\/www.prayana.de\/wp-content\/uploads\/2025\/05\/k3-1024x569.jpg\" alt=\"\" class=\"wp-image-415\" style=\"width:300px\" srcset=\"https:\/\/www.prayana.de\/wp-content\/uploads\/2025\/05\/k3-1024x569.jpg 1024w, https:\/\/www.prayana.de\/wp-content\/uploads\/2025\/05\/k3-300x167.jpg 300w, https:\/\/www.prayana.de\/wp-content\/uploads\/2025\/05\/k3-768x427.jpg 768w, https:\/\/www.prayana.de\/wp-content\/uploads\/2025\/05\/k3-1536x853.jpg 1536w, https:\/\/www.prayana.de\/wp-content\/uploads\/2025\/05\/k3-2048x1138.jpg 2048w\" sizes=\"auto, (max-width: 1024px) 100vw, 1024px\" \/><\/figure>\n\n\n\n<h3 class=\"wp-block-heading\" id=\"hatha-yoga-90\">Hatha Yoga | 90 Minuten<\/h3>\n\n\n\n<p class=\"has-black-color has-text-color has-link-color wp-elements-042f7acfd1ef1802db0920a4f98a3553\">Ein Yogakurs aufgebaut aus den Elemente des Hatha-Yogas: Pranayama (Atem\u00fcbung), Asana (K\u00f6rper\u00fcbung), Entspannung und Meditation. Ein Yogakurs f\u00fcr mehr Lebensfreude, K\u00f6rperbewu\u00dftsein und Selbstf\u00fcrsorge. <\/p>\n\n\n\n<p class=\"has-black-color has-text-color has-link-color wp-elements-e871f2b20e3f5ee1048a2bedafcb0ec0\"><strong>Dienstags 18:30 &#8211; 20:00 Uhr <\/strong><br>Kurs \u00fcber 10 Stunden \u00e0 120,-\u20ac \u2022 dieser Kurs ist f\u00fcr die Pr\u00e4vention zertifiziert<br>Kursort: ev. Gemeindehaus Lerchenberg \u2022 Hebbelstra\u00dfe 56-60 \u2022 55127 Mainz<br>Anmeldung unter: www.efb-mainz.de<\/p>\n\n\n\n<figure class=\"wp-block-image size-large\"><img loading=\"lazy\" decoding=\"async\" width=\"1024\" height=\"683\" src=\"http:\/\/www.prayana.de\/wp-content\/uploads\/2022\/07\/2093_015-1024x683.jpg\" alt=\"Klangschale\" class=\"wp-image-206\" srcset=\"https:\/\/www.prayana.de\/wp-content\/uploads\/2022\/07\/2093_015-1024x683.jpg 1024w, https:\/\/www.prayana.de\/wp-content\/uploads\/2022\/07\/2093_015-300x200.jpg 300w, https:\/\/www.prayana.de\/wp-content\/uploads\/2022\/07\/2093_015-768x512.jpg 768w, https:\/\/www.prayana.de\/wp-content\/uploads\/2022\/07\/2093_015.jpg 1063w\" sizes=\"auto, (max-width: 1024px) 100vw, 1024px\" \/><\/figure>\n\n\n\n<h3 class=\"wp-block-heading\" id=\"heldinnen\">Yoga | back2mobility<\/h3>\n\n\n\n<p class=\"has-black-color has-text-color has-link-color wp-elements-b12a76f3253b3734a8c8b38dd1ff366c\">F\u00fcr alle Sitzarbeiter und Screenworker 60 Minuten Yoga um in Bewegung zu kommen, mit dem Fokus auf R\u00fccken, Schultern &amp; Nacken. Aber auch f\u00fcr alle anderen die sich mehr Mobilit\u00e4t, Beweglichkeit und Aufrichtung w\u00fcnschen oder einfach gerne was f\u00fcr H\u00fcfte, Wirbels\u00e4ule und Schulter-Nackenbereich tun wollen.<\/p>\n\n\n\n<p><em>auf Anfrage<\/em><\/p>\n\n\n\n<h3 class=\"wp-block-heading\">Yoga individuell<\/h3>\n\n\n\n<p class=\"has-black-color has-text-color has-link-color wp-elements-ce59f0a560163ef2529e7de8e7ccad7c\">Gerne begleite und f\u00fchre ich dich auch in einer pers\u00f6nlichen Yogastunde. Ob spezielle k\u00f6rperliche Anspr\u00fcche und Beschwerdebilder, eigene Lebensthemen oder Interessensschwerpunkte, Yoga kann immer ein Zugang zu deinem Wachstum sein. Individuell angepa\u00dft an deine W\u00fcnsche und Ziele stelle ich ein Programm f\u00fcr dich zusammen und leite dich durch deine Yogastunde. <\/p>\n\n\n\n<p><em>Dieses Angebot richtet sich auch an Kleingruppen mit \u00e4hnlichen Beschwerdebilder oder Lebensthemen.<\/em><\/p>\n\n\n\n<p class=\"has-black-color has-text-color has-link-color wp-elements-ad6f92f985461ba1200b02262690f1b5\">Terminabsprache unter: info@prayana.de<\/p>\n\n\n\n<figure class=\"wp-block-image size-large\"><img loading=\"lazy\" decoding=\"async\" width=\"1024\" height=\"768\" src=\"http:\/\/www.prayana.de\/wp-content\/uploads\/2022\/07\/IMG_0974-2-1024x768.jpg\" alt=\"\" class=\"wp-image-209\" srcset=\"https:\/\/www.prayana.de\/wp-content\/uploads\/2022\/07\/IMG_0974-2-1024x768.jpg 1024w, https:\/\/www.prayana.de\/wp-content\/uploads\/2022\/07\/IMG_0974-2-300x225.jpg 300w, https:\/\/www.prayana.de\/wp-content\/uploads\/2022\/07\/IMG_0974-2-768x576.jpg 768w, https:\/\/www.prayana.de\/wp-content\/uploads\/2022\/07\/IMG_0974-2-1536x1152.jpg 1536w, https:\/\/www.prayana.de\/wp-content\/uploads\/2022\/07\/IMG_0974-2-2048x1536.jpg 2048w\" sizes=\"auto, (max-width: 1024px) 100vw, 1024px\" \/><\/figure>\n\n\n\n<p><\/p>\n","protected":false},"excerpt":{"rendered":"<p>Meine Yogakurse gestalte ich mit Wissen, Erfahrung und Freude. Yoga f\u00fcr Heldinnen Zwei Kurse, die gezielt f\u00fcr Frauen sind, die sich vielleicht nicht immer heldenhaft f\u00fchlen, aber jeden Grund dazu h\u00e4tten. Weil sie eben eine Alltags- und Lebensheldin sind. Und jeder Lebensweg ist auch eine ganz pers\u00f6nliche Heldenreise! Ein Kurs f\u00fcr deine Ichzeit, Bewegung, Selbstf\u00fcrsorge<\/p>\n<div><a class=\"btn-filled btn\" href=\"https:\/\/www.prayana.de\/?page_id=21\" title=\"Yoga\">Weiterlesen<\/a><\/div>\n","protected":false},"author":1,"featured_media":0,"parent":0,"menu_order":0,"comment_status":"closed","ping_status":"closed","template":"","meta":{"footnotes":""},"class_list":["post-21","page","type-page","status-publish","hentry"],"_links":{"self":[{"href":"https:\/\/www.prayana.de\/index.php?rest_route=\/wp\/v2\/pages\/21","targetHints":{"allow":["GET"]}}],"collection":[{"href":"https:\/\/www.prayana.de\/index.php?rest_route=\/wp\/v2\/pages"}],"about":[{"href":"https:\/\/www.prayana.de\/index.php?rest_route=\/wp\/v2\/types\/page"}],"author":[{"embeddable":true,"href":"https:\/\/www.prayana.de\/index.php?rest_route=\/wp\/v2\/users\/1"}],"replies":[{"embeddable":true,"href":"https:\/\/www.prayana.de\/index.php?rest_route=%2Fwp%2Fv2%2Fcomments&post=21"}],"version-history":[{"count":66,"href":"https:\/\/www.prayana.de\/index.php?rest_route=\/wp\/v2\/pages\/21\/revisions"}],"predecessor-version":[{"id":435,"href":"https:\/\/www.prayana.de\/index.php?rest_route=\/wp\/v2\/pages\/21\/revisions\/435"}],"wp:attachment":[{"href":"https:\/\/www.prayana.de\/index.php?rest_route=%2Fwp%2Fv2%2Fmedia&parent=21"}],"curies":[{"name":"wp","href":"https:\/\/api.w.org\/{rel}","templated":true}]}}